{"id":38,"date":"2024-10-03T16:09:54","date_gmt":"2024-10-03T14:09:54","guid":{"rendered":"https:\/\/zmp1.pl\/?page_id=38"},"modified":"2025-08-30T07:14:33","modified_gmt":"2025-08-30T05:14:33","slug":"dokumenty","status":"publish","type":"page","link":"https:\/\/zmp1.pl\/?page_id=38","title":{"rendered":"Dokumenty"},"content":{"rendered":"\n<p>Statut ZMP 1 w Rudzie \u015al\u0105skiej:<\/p>\n\n\n\n<div class=\"wp-block-file\"><a id=\"wp-block-file--media-703a7285-c33c-4ddd-8029-f21b59893dc4\" href=\"https:\/\/zmp1.pl\/wp-content\/uploads\/2025\/08\/Statut-ZMP-11.doc\">Statut ZMP-1<\/a><a href=\"https:\/\/zmp1.pl\/wp-content\/uploads\/2025\/08\/Statut-ZMP-11.doc\" class=\"wp-block-file__button wp-element-button\" download aria-describedby=\"wp-block-file--media-703a7285-c33c-4ddd-8029-f21b59893dc4\">Pobierz<\/a><\/div>\n\n\n\n<div class=\"wp-block-file\"><a id=\"wp-block-file--media-ceadacdd-9503-4f67-b26e-aefefde0dcd1\" href=\"https:\/\/zmp1.pl\/wp-content\/uploads\/2025\/07\/Statut20MP207.doc\">Statut MP 7<\/a><a href=\"https:\/\/zmp1.pl\/wp-content\/uploads\/2025\/07\/Statut20MP207.doc\" class=\"wp-block-file__button wp-element-button\" download aria-describedby=\"wp-block-file--media-ceadacdd-9503-4f67-b26e-aefefde0dcd1\">Pobierz<\/a><\/div>\n\n\n\n<div class=\"wp-block-file\"><a id=\"wp-block-file--media-8f81aa8a-2b82-4c1f-acd3-949a052172e4\" href=\"https:\/\/zmp1.pl\/wp-content\/uploads\/2025\/07\/Statut20MP38.doc\">Statut MP 38<\/a><a href=\"https:\/\/zmp1.pl\/wp-content\/uploads\/2025\/07\/Statut20MP38.doc\" class=\"wp-block-file__button wp-element-button\" download aria-describedby=\"wp-block-file--media-8f81aa8a-2b82-4c1f-acd3-949a052172e4\">Pobierz<\/a><\/div>\n\n\n\n<p>Procedury ZMP 1 w Rudzie \u015al\u0105skiej:<\/p>\n\n\n\n<div class=\"wp-block-file\"><a id=\"wp-block-file--media-bd73769e-270f-4329-be1f-2eca7278d1c5\" href=\"https:\/\/zmp1.pl\/wp-content\/uploads\/2025\/07\/Procedura-dochodzenia-naleznosci-budzetowych.doc\">Procedura dochodzenia nale\u017cno\u015bci bud\u017cetowych<\/a><a href=\"https:\/\/zmp1.pl\/wp-content\/uploads\/2025\/07\/Procedura-dochodzenia-naleznosci-budzetowych.doc\" class=\"wp-block-file__button wp-element-button\" download aria-describedby=\"wp-block-file--media-bd73769e-270f-4329-be1f-2eca7278d1c5\">Pobierz<\/a><\/div>\n\n\n\n<p>Regulaminy ZMP 1 w Rudzie \u015al\u0105skiej:<\/p>\n\n\n\n<div class=\"wp-block-file\"><a id=\"wp-block-file--media-c8ea5c3e-c0bc-4d26-80ef-981dab445180\" href=\"https:\/\/zmp1.pl\/wp-content\/uploads\/2025\/07\/Regulamin-korzystania-z-posilkow.doc\">Regulamin korzystania z posi\u0142k\u00f3w<\/a><a href=\"https:\/\/zmp1.pl\/wp-content\/uploads\/2025\/07\/Regulamin-korzystania-z-posilkow.doc\" class=\"wp-block-file__button wp-element-button\" download aria-describedby=\"wp-block-file--media-c8ea5c3e-c0bc-4d26-80ef-981dab445180\">Pobierz<\/a><\/div>\n\n\n\n<div class=\"wp-block-file\"><a id=\"wp-block-file--media-9ae45d5a-bce6-459c-a616-53325032b2ca\" href=\"https:\/\/zmp1.pl\/wp-content\/uploads\/2025\/07\/Regulamin-rozliczania-oplat.doc\">Regulamin rozliczania op\u0142at<\/a><a href=\"https:\/\/zmp1.pl\/wp-content\/uploads\/2025\/07\/Regulamin-rozliczania-oplat.doc\" class=\"wp-block-file__button wp-element-button\" download aria-describedby=\"wp-block-file--media-9ae45d5a-bce6-459c-a616-53325032b2ca\">Pobierz<\/a><\/div>\n","protected":false},"excerpt":{"rendered":"<p>Statut ZMP 1 w Rudzie \u015al\u0105skiej: Procedury ZMP 1 w Rudzie \u015al\u0105skiej: Regulaminy ZMP 1 w Rudzie \u015al\u0105skiej:<\/p>\n","protected":false},"author":1,"featured_media":0,"parent":0,"menu_order":0,"comment_status":"closed","ping_status":"closed","template":"page-with-sidebar","meta":{"footnotes":""},"class_list":["post-38","page","type-page","status-publish","hentry"],"_links":{"self":[{"href":"https:\/\/zmp1.pl\/index.php?rest_route=\/wp\/v2\/pages\/38","targetHints":{"allow":["GET"]}}],"collection":[{"href":"https:\/\/zmp1.pl\/index.php?rest_route=\/wp\/v2\/pages"}],"about":[{"href":"https:\/\/zmp1.pl\/index.php?rest_route=\/wp\/v2\/types\/page"}],"author":[{"embeddable":true,"href":"https:\/\/zmp1.pl\/index.php?rest_route=\/wp\/v2\/users\/1"}],"replies":[{"embeddable":true,"href":"https:\/\/zmp1.pl\/index.php?rest_route=%2Fwp%2Fv2%2Fcomments&post=38"}],"version-history":[{"count":3,"href":"https:\/\/zmp1.pl\/index.php?rest_route=\/wp\/v2\/pages\/38\/revisions"}],"predecessor-version":[{"id":2532,"href":"https:\/\/zmp1.pl\/index.php?rest_route=\/wp\/v2\/pages\/38\/revisions\/2532"}],"wp:attachment":[{"href":"https:\/\/zmp1.pl\/index.php?rest_route=%2Fwp%2Fv2%2Fmedia&parent=38"}],"curies":[{"name":"wp","href":"https:\/\/api.w.org\/{rel}","templated":true}]}}